{"id":4650,"date":"2025-01-17T20:25:29","date_gmt":"2025-01-18T03:25:29","guid":{"rendered":"https:\/\/celaya.tecnm.mx\/administracion\/?page_id=4650"},"modified":"2025-01-17T20:25:29","modified_gmt":"2025-01-18T03:25:29","slug":"acerca-de-dsem-4-0-2","status":"publish","type":"page","link":"https:\/\/celaya.tecnm.mx\/administracion\/acerca-de-dsem-4-0-2\/","title":{"rendered":"Acerca de DSEM 4.0"},"content":{"rendered":"","protected":false},"excerpt":{"rendered":"","protected":false},"author":1,"featured_media":0,"parent":0,"menu_order":0,"comment_status":"closed","ping_status":"closed","template":"","meta":{"_coblocks_attr":"","_coblocks_dimensions":"","_coblocks_responsive_height":"","_coblocks_accordion_ie_support":"","_eb_attr":"","site-sidebar-layout":"default","site-content-layout":"","ast-site-content-layout":"","site-content-style":"default","site-sidebar-style":"default","ast-global-header-display":"","ast-banner-title-visibility":"","ast-main-header-display":"","ast-hfb-above-header-display":"","ast-hfb-below-header-display":"","ast-hfb-mobile-header-display":"","site-post-title":"","ast-breadcrumbs-content":"","ast-featured-img":"","footer-sml-layout":"","theme-transparent-header-meta":"","adv-header-id-meta":"","stick-header-meta":"","header-above-stick-meta":"","header-main-stick-meta":"","header-below-stick-meta":"","astra-migrate-meta-layouts":"default","ast-page-background-enabled":"default","ast-page-background-meta":{"desktop":{"background-color":"var(--ast-global-color-4)","background-image":"","background-repeat":"repeat","background-position":"center center","background-size":"auto","background-attachment":"scroll","background-type":"","background-media":"","overlay-type":"","overlay-color":"","overlay-opacity":"","overlay-gradient":""},"tablet":{"background-color":"","background-image":"","background-repeat":"repeat","background-position":"center center","background-size":"auto","background-attachment":"scroll","background-type":"","background-media":"","overlay-type":"","overlay-color":"","overlay-opacity":"","overlay-gradient":""},"mobile":{"background-color":"","background-image":"","background-repeat":"repeat","background-position":"center center","background-size":"auto","background-attachment":"scroll","background-type":"","background-media":"","overlay-type":"","overlay-color":"","overlay-opacity":"","overlay-gradient":""}},"ast-content-background-meta":{"desktop":{"background-color":"var(--ast-global-color-5)","background-image":"","background-repeat":"repeat","background-position":"center center","background-size":"auto","background-attachment":"scroll","background-type":"","background-media":"","overlay-type":"","overlay-color":"","overlay-opacity":"","overlay-gradient":""},"tablet":{"background-color":"var(--ast-global-color-5)","background-image":"","background-repeat":"repeat","background-position":"center center","background-size":"auto","background-attachment":"scroll","background-type":"","background-media":"","overlay-type":"","overlay-color":"","overlay-opacity":"","overlay-gradient":""},"mobile":{"background-color":"var(--ast-global-color-5)","background-image":"","background-repeat":"repeat","background-position":"center center","background-size":"auto","background-attachment":"scroll","background-type":"","background-media":"","overlay-type":"","overlay-color":"","overlay-opacity":"","overlay-gradient":""}},"footnotes":""},"class_list":["post-4650","page","type-page","status-publish","hentry"],"jetpack-related-posts":[{"id":3028,"url":"https:\/\/celaya.tecnm.mx\/administracion\/colaboracion\/","url_meta":{"origin":4650,"position":0},"title":"Colaboraci\u00f3n","author":"admin","date":"28 de noviembre de 2024","format":false,"excerpt":"Colaboradores Colaboraciones Proyectos vigentes Publicaciones IOT Hardware in the Loop Men\u00fa conmutador hamburguesa Tarleton State University Ubicado en Stephenville, el campus principal sirve como punto focal para una experiencia estudiantil din\u00e1mica y enriquecedora. Adem\u00e1s, las clases florecientes que se imparten en Fort Worth, Waco, Bryan y, a trav\u00e9s de nuestra\u2026","rel":"","context":"Entrada similar","block_context":{"text":"Entrada similar","link":""},"img":{"alt_text":"","src":"https:\/\/i0.wp.com\/celaya.tecnm.mx\/administracion\/wp-content\/uploads\/2024\/11\/red.png?resize=350%2C200&ssl=1","width":350,"height":200},"classes":[]},{"id":3207,"url":"https:\/\/celaya.tecnm.mx\/administracion\/desarrollo-de-sistemas-mecatronicos-colaboradores\/","url_meta":{"origin":4650,"position":1},"title":"Desarrollo de Sistemas Mecatr\u00f3nicos Colaboradores","author":"admin","date":"30 de noviembre de 2024","format":false,"excerpt":"Colaboradores Colaboraciones Proyectos vigentes Publicaciones IOT Hardware in the Loop Men\u00fa conmutador hamburguesa INTEGRANTES Armando Figueroa Martinez Mauro Santoyo Mora Esperanza Pe\u00f1a Morales Armando FIgueroa Martinez Omar Jouse Zarate Rivas Alfonzo Alejandro Jim\u00e9nez Garibay Raul Omar Herrera Arroyo Raul Antonio Mu\u00f1oz Guti\u00e9rrez Santiago Alejandro Re\u00e9sendiz Gonzales V\u00edctor Manuel S\u00e1mano Ortega\u2026","rel":"","context":"Entrada similar","block_context":{"text":"Entrada similar","link":""},"img":{"alt_text":"","src":"https:\/\/i0.wp.com\/celaya.tecnm.mx\/administracion\/wp-content\/uploads\/2024\/11\/nolasco-Juan-Jose-Martinez-Nolasco-218x300.jpeg?resize=350%2C200&ssl=1","width":350,"height":200},"classes":[]},{"id":2553,"url":"https:\/\/celaya.tecnm.mx\/administracion\/desarrollo-de-sistemas-mecatronicos\/","url_meta":{"origin":4650,"position":2},"title":"Desarrollo de Sistemas Mecatr\u00f3nicos 2","author":"admin","date":"19 de noviembre de 2024","format":false,"excerpt":"Colaboradores Colaboraciones Proyectos vigentes Publicaciones IOT Hardware in the Loop Men\u00fa conmutador hamburguesa Tendencias hoy Prueba1 Makerspaces y Fablabs: nuevas formas y espacios de\u00a0producci\u00f3n Cultivan lechugas en condiciones extremas de Marte y la Luna en ITC Clausura proyectos programa 2024 Gimnasio Presentaci\u00f3n de Proyectos Mecatr\u00f3nica Desarollo de Sistemas Mecatr\u00f3nicos Avanzados\u2026","rel":"","context":"Entrada similar","block_context":{"text":"Entrada similar","link":""},"img":{"alt_text":"","src":"","width":0,"height":0},"classes":[]}],"jetpack_sharing_enabled":true,"_links":{"self":[{"href":"https:\/\/celaya.tecnm.mx\/administracion\/wp-json\/wp\/v2\/pages\/4650","targetHints":{"allow":["GET"]}}],"collection":[{"href":"https:\/\/celaya.tecnm.mx\/administracion\/wp-json\/wp\/v2\/pages"}],"about":[{"href":"https:\/\/celaya.tecnm.mx\/administracion\/wp-json\/wp\/v2\/types\/page"}],"author":[{"embeddable":true,"href":"https:\/\/celaya.tecnm.mx\/administracion\/wp-json\/wp\/v2\/users\/1"}],"replies":[{"embeddable":true,"href":"https:\/\/celaya.tecnm.mx\/administracion\/wp-json\/wp\/v2\/comments?post=4650"}],"version-history":[{"count":1,"href":"https:\/\/celaya.tecnm.mx\/administracion\/wp-json\/wp\/v2\/pages\/4650\/revisions"}],"predecessor-version":[{"id":4656,"href":"https:\/\/celaya.tecnm.mx\/administracion\/wp-json\/wp\/v2\/pages\/4650\/revisions\/4656"}],"wp:attachment":[{"href":"https:\/\/celaya.tecnm.mx\/administracion\/wp-json\/wp\/v2\/media?parent=4650"}],"curies":[{"name":"wp","href":"https:\/\/api.w.org\/{rel}","templated":true}]}}