{"id":3993,"date":"2024-12-08T18:31:04","date_gmt":"2024-12-09T01:31:04","guid":{"rendered":"https:\/\/celaya.tecnm.mx\/administracion\/?page_id=3993"},"modified":"2025-01-20T19:30:34","modified_gmt":"2025-01-21T02:30:34","slug":"materiales-estrategicos","status":"publish","type":"page","link":"https:\/\/celaya.tecnm.mx\/administracion\/materiales-estrategicos\/","title":{"rendered":"Materiales estrat\u00e9gicos"},"content":{"rendered":"\t\t<div data-elementor-type=\"wp-page\" data-elementor-id=\"3993\" class=\"elementor elementor-3993\" data-elementor-settings=\"{&quot;ha_cmc_init_switcher&quot;:&quot;no&quot;}\">\n\t\t\t\t<div class=\"elementor-element elementor-element-f46017c e-flex e-con-boxed e-con e-parent\" data-id=\"f46017c\" data-element_type=\"container\" data-settings=\"{&quot;_ha_eqh_enable&quot;:false}\">\n\t\t\t\t\t<div class=\"e-con-inner\">\n\t\t\t\t<div class=\"elementor-element elementor-element-d472860 elementor-widget elementor-widget-sina_banner_slider\" data-id=\"d472860\" data-element_type=\"widget\" data-widget_type=\"sina_banner_slider.default\">\n\t\t\t\t<div class=\"elementor-widget-container\">\n\t\t\t\t\t\t\t<div class=\"sina-banner-slider owl-carousel\"\r\n\t\tdata-autoplay=\"yes\"\r\n\t\tdata-pause=\"yes\"\r\n\t\tdata-nav=\"yes\"\r\n\t\tdata-dots=\"yes\"\r\n\t\tdata-mouse-drag=\"yes\"\r\n\t\tdata-touch-drag=\"yes\"\r\n\t\tdata-loop=\"yes\"\r\n\t\tdata-speed=\"\"\r\n\t\tdata-part-anim=\"yes\"\r\n\t\tdata-delay=\"5000\">\r\n\r\n\t\t\t\t\t\t\t<div class=\"sina-slider-content sina-bg-cover\" style=\"background-image: url(https:\/\/celaya.tecnm.mx\/administracion\/wp-content\/uploads\/2024\/12\/Captura-de-pantalla-2024-12-16-221432.png);\">\r\n\t\t\t\t\t\t\t\t\t\t\t<div class=\"sina-overlay\"><\/div>\r\n\t\t\t\t\t\r\n\t\t\t\t\t<div class=\"sina-banner-container elementor-repeater-item-5a52faf\">\r\n\r\n\t\t\t\t\t\t\t\t\t\t\t\t\t\t\t\t\t\t\t\t<h2 class=\"sina-banner-title sina-anim-invisible\" data-animation=\"animated fadeInLeft\">Centro de Incubaci\u00f3n e Innovaci\u00f3n Empresarial<\/h2>\t\t\t\t\t\t\r\n\t\t\t\t\t\t\r\n\t\t\t\t\t\t\r\n\t\t\t\t\t\t\t\t\t\t\t<\/div>\r\n\t\t\t\t<\/div>\r\n\t\t\t\t\t<\/div><!-- .sina-banner-slider -->\r\n\t\t\t\t\t\t<\/div>\n\t\t\t\t<\/div>\n\t\t\t\t\t<\/div>\n\t\t\t\t<\/div>\n\t\t<div class=\"elementor-element elementor-element-559ad9f e-flex e-con-boxed e-con e-parent\" data-id=\"559ad9f\" data-element_type=\"container\" data-settings=\"{&quot;_ha_eqh_enable&quot;:false}\">\n\t\t\t\t\t<div class=\"e-con-inner\">\n\t\t\t\t<div class=\"elementor-element elementor-element-129db53 elementor-widget elementor-widget-heading\" data-id=\"129db53\" data-element_type=\"widget\" data-widget_type=\"heading.default\">\n\t\t\t\t<div class=\"elementor-widget-container\">\n\t\t\t\t\t<h2 class=\"elementor-heading-title elementor-size-default\">El Centro ofrece investigaci\u00f3n, servicios y capacitaci\u00f3n de las siguientes \u00e1reas:<\/h2>\t\t\t\t<\/div>\n\t\t\t\t<\/div>\n\t\t\t\t<div class=\"elementor-element elementor-element-1346148 elementor-widget elementor-widget-text-editor\" data-id=\"1346148\" data-element_type=\"widget\" data-widget_type=\"text-editor.default\">\n\t\t\t\t<div class=\"elementor-widget-container\">\n\t\t\t\t\t\t\t\t\t<ul><li>Identificaci\u00f3n de fracturas o fallas en superficies<\/li><li>Identificaci\u00f3n de compuestos org\u00e1nicos en muestras s\u00f3lidas y l\u00edquidas<\/li><li>Cuantificaci\u00f3n de nitratos, cloruros y otros iones en muestras l\u00edquidas<\/li><li>Determinaci\u00f3n de humedad en s\u00f3lidos<\/li><li>Determinaci\u00f3n de compuestos org\u00e1nicos vol\u00e1tiles<\/li><li>Medici\u00f3n de \u00e1rea superficial en materiales porosos<\/li><li>Medici\u00f3n de di\u00e1metros y vol\u00famenes de poros en s\u00f3lidos<\/li><li>An\u00e1lisis de mezclas de emisiones gaseosas<\/li><li>Determinaci\u00f3n de estabilidad t\u00e9rmica de materiales<\/li><li>Determinaci\u00f3n de impurezas a trav\u00e9s de an\u00e1lisis t\u00e9rmico<\/li><\/ul><p>El Centro ofrece, adem\u00e1s, cursos de capacitaci\u00f3n y talleres sobre el funcionamiento y aplicaci\u00f3n de las diversas t\u00e9cnicas de caracterizaci\u00f3n de materiales, as\u00ed como asesor\u00eda para el desarrollo de Proyectos.<\/p>\t\t\t\t\t\t\t\t<\/div>\n\t\t\t\t<\/div>\n\t\t\t\t\t<\/div>\n\t\t\t\t<\/div>\n\t\t\t\t<\/div>\n\t\t","protected":false},"excerpt":{"rendered":"<p>Centro de Incubaci\u00f3n e Innovaci\u00f3n Empresarial El Centro ofrece investigaci\u00f3n, servicios y capacitaci\u00f3n de las siguientes \u00e1reas: Identificaci\u00f3n de fracturas o fallas en superficies Identificaci\u00f3n de compuestos org\u00e1nicos en muestras s\u00f3lidas y l\u00edquidas Cuantificaci\u00f3n de nitratos, cloruros y otros iones en muestras l\u00edquidas Determinaci\u00f3n de humedad en s\u00f3lidos Determinaci\u00f3n de compuestos org\u00e1nicos vol\u00e1tiles Medici\u00f3n de [&hellip;]<\/p>\n","protected":false},"author":1,"featured_media":0,"parent":0,"menu_order":0,"comment_status":"closed","ping_status":"closed","template":"","meta":{"_coblocks_attr":"","_coblocks_dimensions":"","_coblocks_responsive_height":"","_coblocks_accordion_ie_support":"","_eb_attr":"","site-sidebar-layout":"no-sidebar","site-content-layout":"page-builder","ast-site-content-layout":"","site-content-style":"default","site-sidebar-style":"default","ast-global-header-display":"","ast-banner-title-visibility":"","ast-main-header-display":"","ast-hfb-above-header-display":"","ast-hfb-below-header-display":"","ast-hfb-mobile-header-display":"","site-post-title":"disabled","ast-breadcrumbs-content":"","ast-featured-img":"disabled","footer-sml-layout":"","theme-transparent-header-meta":"","adv-header-id-meta":"","stick-header-meta":"","header-above-stick-meta":"","header-main-stick-meta":"","header-below-stick-meta":"","astra-migrate-meta-layouts":"default","ast-page-background-enabled":"default","ast-page-background-meta":{"desktop":{"background-color":"var(--ast-global-color-4)","background-image":"","background-repeat":"repeat","background-position":"center center","background-size":"auto","background-attachment":"scroll","background-type":"","background-media":"","overlay-type":"","overlay-color":"","overlay-opacity":"","overlay-gradient":""},"tablet":{"background-color":"","background-image":"","background-repeat":"repeat","background-position":"center center","background-size":"auto","background-attachment":"scroll","background-type":"","background-media":"","overlay-type":"","overlay-color":"","overlay-opacity":"","overlay-gradient":""},"mobile":{"background-color":"","background-image":"","background-repeat":"repeat","background-position":"center center","background-size":"auto","background-attachment":"scroll","background-type":"","background-media":"","overlay-type":"","overlay-color":"","overlay-opacity":"","overlay-gradient":""}},"ast-content-background-meta":{"desktop":{"background-color":"var(--ast-global-color-5)","background-image":"","background-repeat":"repeat","background-position":"center center","background-size":"auto","background-attachment":"scroll","background-type":"","background-media":"","overlay-type":"","overlay-color":"","overlay-opacity":"","overlay-gradient":""},"tablet":{"background-color":"var(--ast-global-color-5)","background-image":"","background-repeat":"repeat","background-position":"center center","background-size":"auto","background-attachment":"scroll","background-type":"","background-media":"","overlay-type":"","overlay-color":"","overlay-opacity":"","overlay-gradient":""},"mobile":{"background-color":"var(--ast-global-color-5)","background-image":"","background-repeat":"repeat","background-position":"center center","background-size":"auto","background-attachment":"scroll","background-type":"","background-media":"","overlay-type":"","overlay-color":"","overlay-opacity":"","overlay-gradient":""}},"footnotes":""},"class_list":["post-3993","page","type-page","status-publish","hentry"],"jetpack-related-posts":[{"id":3869,"url":"https:\/\/celaya.tecnm.mx\/administracion\/centros-2\/","url_meta":{"origin":3993,"position":0},"title":"Centros","author":"admin","date":"6 de diciembre de 2024","format":false,"excerpt":"Tendencias hoy Visita los centros y espacios que se localizan en el innovatec CIIE Gimnasio FabLab Internet de las Cosas Fabrica de Software Inteligencia Artificial MICROCREDENCIALES Materiales Avanzados Electromovilidad DSMA40 CIIF Capacitaci\u00f3n Ferroviaria Naturagri TNI LANBAMA","rel":"","context":"Entrada similar","block_context":{"text":"Entrada similar","link":""},"img":{"alt_text":"","src":"","width":0,"height":0},"classes":[]},{"id":4923,"url":"https:\/\/celaya.tecnm.mx\/administracion\/elementor-4923\/","url_meta":{"origin":3993,"position":1},"title":"CIIF","author":"admin","date":"8 de marzo de 2025","format":false,"excerpt":"\u00bfQui\u00e9nes somos? El CIIF est\u00e1 ubicado en el edificio de INNOVATEC en el Tecnol\u00f3gico Nacional de M\u00e9xico en Celaya. Somos un centro de innovaci\u00f3n dedicado a ofrecer capacitaci\u00f3n y servicios especializados en modelaci\u00f3n 3D, manufactura aditiva y escaneo 3D, con el firme prop\u00f3sito de impulsar el desarrollo tecnol\u00f3gico e industrial\u2026","rel":"","context":"Entrada similar","block_context":{"text":"Entrada similar","link":""},"img":{"alt_text":"","src":"https:\/\/i0.wp.com\/celaya.tecnm.mx\/administracion\/wp-content\/uploads\/2025\/03\/image-removebg-preview-1-300x300.jpg?resize=350%2C200&ssl=1","width":350,"height":200},"classes":[]},{"id":3457,"url":"https:\/\/celaya.tecnm.mx\/administracion\/lanbama-servicios\/","url_meta":{"origin":3993,"position":2},"title":"Lanbama Servicios","author":"admin","date":"2 de diciembre de 2024","format":false,"excerpt":"Tendencias hoy Prueba 2 Prueba1 Makerspaces y Fablabs: nuevas formas y espacios de\u00a0producci\u00f3n Cultivan lechugas en condiciones extremas de Marte y la Luna en ITC Clausura proyectos programa 2024 Gimnasio Los servicios que ofrece la sede Celaya de Lanbama son: Servicios anal\u00edticos generales.Establecimiento y validaci\u00f3n de m\u00e9todos:anal\u00edticosmicrobiol\u00f3gicosmoleculares especializados. Servicios anal\u00edticos\u2026","rel":"","context":"Entrada similar","block_context":{"text":"Entrada similar","link":""},"img":{"alt_text":"","src":"https:\/\/i0.wp.com\/celaya.tecnm.mx\/administracion\/wp-content\/uploads\/2024\/12\/logo-2-labama-1-300x108.png?resize=350%2C200&ssl=1","width":350,"height":200},"classes":[]},{"id":3725,"url":"https:\/\/celaya.tecnm.mx\/administracion\/fablab\/","url_meta":{"origin":3993,"position":3},"title":"FabLab","author":"admin","date":"4 de diciembre de 2024","format":false,"excerpt":"\u00a0Fab Lab InnovaTec\u00a0 Creando musculo emprendedor Qu\u00e9 es una Fab Lab Un Fab Lab, abreviatura de \"Fabrication Laboratory\" (Laboratorio de Fabricaci\u00f3n), es un espacio dedicado a la fabricaci\u00f3n digital donde se\u00a0 fomenta la creatividad, el aprendizaje y la innovaci\u00f3n. Estos laboratorios ofrecen acceso a herramientas y tecnolog\u00edas avanzadas de dise\u00f1o\u2026","rel":"","context":"Entrada similar","block_context":{"text":"Entrada similar","link":""},"img":{"alt_text":"","src":"https:\/\/i0.wp.com\/celaya.tecnm.mx\/administracion\/wp-content\/uploads\/2024\/12\/julianferrer_fotografia_hiperreal_de_estudiantes_trabajando_en__24d56e4c-16f7-4146-a36f-ab0142a5802ff.png?resize=350%2C200&ssl=1","width":350,"height":200,"srcset":"https:\/\/i0.wp.com\/celaya.tecnm.mx\/administracion\/wp-content\/uploads\/2024\/12\/julianferrer_fotografia_hiperreal_de_estudiantes_trabajando_en__24d56e4c-16f7-4146-a36f-ab0142a5802ff.png?resize=350%2C200&ssl=1 1x, https:\/\/i0.wp.com\/celaya.tecnm.mx\/administracion\/wp-content\/uploads\/2024\/12\/julianferrer_fotografia_hiperreal_de_estudiantes_trabajando_en__24d56e4c-16f7-4146-a36f-ab0142a5802ff.png?resize=525%2C300&ssl=1 1.5x, https:\/\/i0.wp.com\/celaya.tecnm.mx\/administracion\/wp-content\/uploads\/2024\/12\/julianferrer_fotografia_hiperreal_de_estudiantes_trabajando_en__24d56e4c-16f7-4146-a36f-ab0142a5802ff.png?resize=700%2C400&ssl=1 2x"},"classes":[]},{"id":4038,"url":"https:\/\/celaya.tecnm.mx\/administracion\/miembros-del-centro-de-desarrollo-de-materiales-estrategicos\/","url_meta":{"origin":3993,"position":4},"title":"Miembros del Centro de Desarrollo de Materiales Estrat\u00e9gicos","author":"admin","date":"8 de diciembre de 2024","format":false,"excerpt":"","rel":"","context":"Entrada similar","block_context":{"text":"Entrada similar","link":""},"img":{"alt_text":"","src":"","width":0,"height":0},"classes":[]},{"id":4034,"url":"https:\/\/celaya.tecnm.mx\/administracion\/contacto-centro-de-desarrollo-de-materiales\/","url_meta":{"origin":3993,"position":5},"title":"Contacto Centro de Desarrollo de Materiales","author":"admin","date":"8 de diciembre de 2024","format":false,"excerpt":"Env\u00edanos un mensaje para establecer ContactoResponsable del Centro:Dr. Juan Carlos FierroTelefono:\u00a0(461)-611-7575\u00a0Ext:\u00a05569\u00a0Correo electr\u00f3nico:\u00a0jcfierro@iqcelaya.itc.mx\u00a0Google Acad\u00e9mico\u00a0Google Academics\u00a0Sitio web:\u00a0Sitio web de investigaci\u00f3n","rel":"","context":"Entrada similar","block_context":{"text":"Entrada similar","link":""},"img":{"alt_text":"","src":"","width":0,"height":0},"classes":[]}],"jetpack_sharing_enabled":true,"_links":{"self":[{"href":"https:\/\/celaya.tecnm.mx\/administracion\/wp-json\/wp\/v2\/pages\/3993","targetHints":{"allow":["GET"]}}],"collection":[{"href":"https:\/\/celaya.tecnm.mx\/administracion\/wp-json\/wp\/v2\/pages"}],"about":[{"href":"https:\/\/celaya.tecnm.mx\/administracion\/wp-json\/wp\/v2\/types\/page"}],"author":[{"embeddable":true,"href":"https:\/\/celaya.tecnm.mx\/administracion\/wp-json\/wp\/v2\/users\/1"}],"replies":[{"embeddable":true,"href":"https:\/\/celaya.tecnm.mx\/administracion\/wp-json\/wp\/v2\/comments?post=3993"}],"version-history":[{"count":19,"href":"https:\/\/celaya.tecnm.mx\/administracion\/wp-json\/wp\/v2\/pages\/3993\/revisions"}],"predecessor-version":[{"id":4747,"href":"https:\/\/celaya.tecnm.mx\/administracion\/wp-json\/wp\/v2\/pages\/3993\/revisions\/4747"}],"wp:attachment":[{"href":"https:\/\/celaya.tecnm.mx\/administracion\/wp-json\/wp\/v2\/media?parent=3993"}],"curies":[{"name":"wp","href":"https:\/\/api.w.org\/{rel}","templated":true}]}}