{"id":3461,"date":"2024-12-02T08:18:03","date_gmt":"2024-12-02T15:18:03","guid":{"rendered":"https:\/\/celaya.tecnm.mx\/administracion\/?page_id=3461"},"modified":"2025-02-05T10:25:44","modified_gmt":"2025-02-05T17:25:44","slug":"lanbama-investigacion","status":"publish","type":"page","link":"https:\/\/celaya.tecnm.mx\/administracion\/lanbama-investigacion\/","title":{"rendered":"Lanbama Investigaci\u00f3n"},"content":{"rendered":"\t\t<div data-elementor-type=\"wp-page\" data-elementor-id=\"3461\" class=\"elementor elementor-3461\" data-elementor-settings=\"{&quot;ha_cmc_init_switcher&quot;:&quot;no&quot;}\">\n\t\t\t\t<div class=\"elementor-element elementor-element-22c106a e-flex e-con-boxed e-con e-parent\" data-id=\"22c106a\" data-element_type=\"container\" data-settings=\"{&quot;_ha_eqh_enable&quot;:false}\">\n\t\t\t\t\t<div class=\"e-con-inner\">\n\t\t\t\t<div class=\"elementor-element elementor-element-448c676 ha-has-bg-overlay elementor-widget elementor-widget-eael-content-ticker\" data-id=\"448c676\" data-element_type=\"widget\" data-widget_type=\"eael-content-ticker.default\">\n\t\t\t\t<div class=\"elementor-widget-container\">\n\t\t\t\t\t<div class=\"eael-ticker-wrap\" id=\"eael-ticker-wrap-448c676\"><div class=\"ticker-badge\">\n                    <span>Tendencias hoy<\/span>\n                <\/div><div class=\"eael-ticker\">\n                <div class=\"swiper swiper-8 eael-content-ticker swiper-container-448c676\" data-pagination=\".swiper-pagination-448c676\" data-arrow-next=\".swiper-button-next-448c676\" data-arrow-prev=\".swiper-button-prev-448c676\" data-effect=\"fade\" data-speed=\"400\" data-autoplay=\"2000\" data-loop=\"1\" data-arrows=\"1\">\n                    <div class=\"swiper-wrapper\"><\/div>\n\t\t\t\t<\/div> <div class=\"content-ticker-pagination\"><div class=\"swiper-button-next swiper-button-next-448c676\"><i class=\"fas fa-angle-right\"><\/i><\/div><div class=\"swiper-button-prev swiper-button-prev-448c676\"><i class=\"fas fa-angle-left\"><\/i><\/div><\/div><\/div>\n\t\t<\/div>\t\t\t\t<\/div>\n\t\t\t\t<\/div>\n\t\t\t\t\t<\/div>\n\t\t\t\t<\/div>\n\t\t<div class=\"elementor-element elementor-element-1864708 e-flex e-con-boxed e-con e-parent\" data-id=\"1864708\" data-element_type=\"container\" data-settings=\"{&quot;_ha_eqh_enable&quot;:false}\">\n\t\t\t\t\t<div class=\"e-con-inner\">\n\t\t\t\t<div class=\"elementor-element elementor-element-65f2e03 elementor-widget elementor-widget-image\" data-id=\"65f2e03\" data-element_type=\"widget\" data-widget_type=\"image.default\">\n\t\t\t\t<div class=\"elementor-widget-container\">\n\t\t\t\t\t\t\t\t\t\t\t\t\t\t\t<img decoding=\"async\" width=\"300\" height=\"108\" src=\"https:\/\/i0.wp.com\/celaya.tecnm.mx\/administracion\/wp-content\/uploads\/2024\/12\/logo-2-labama-1.png?fit=300%2C108&amp;ssl=1\" class=\"attachment-medium size-medium wp-image-3489\" alt=\"\" srcset=\"https:\/\/i0.wp.com\/celaya.tecnm.mx\/administracion\/wp-content\/uploads\/2024\/12\/logo-2-labama-1.png?w=2215&amp;ssl=1 2215w, https:\/\/i0.wp.com\/celaya.tecnm.mx\/administracion\/wp-content\/uploads\/2024\/12\/logo-2-labama-1.png?resize=300%2C108&amp;ssl=1 300w, https:\/\/i0.wp.com\/celaya.tecnm.mx\/administracion\/wp-content\/uploads\/2024\/12\/logo-2-labama-1.png?resize=1024%2C370&amp;ssl=1 1024w, https:\/\/i0.wp.com\/celaya.tecnm.mx\/administracion\/wp-content\/uploads\/2024\/12\/logo-2-labama-1.png?resize=768%2C278&amp;ssl=1 768w, https:\/\/i0.wp.com\/celaya.tecnm.mx\/administracion\/wp-content\/uploads\/2024\/12\/logo-2-labama-1.png?resize=1536%2C555&amp;ssl=1 1536w, https:\/\/i0.wp.com\/celaya.tecnm.mx\/administracion\/wp-content\/uploads\/2024\/12\/logo-2-labama-1.png?resize=2048%2C741&amp;ssl=1 2048w, https:\/\/i0.wp.com\/celaya.tecnm.mx\/administracion\/wp-content\/uploads\/2024\/12\/logo-2-labama-1.png?resize=1320%2C477&amp;ssl=1 1320w, https:\/\/i0.wp.com\/celaya.tecnm.mx\/administracion\/wp-content\/uploads\/2024\/12\/logo-2-labama-1.png?resize=600%2C217&amp;ssl=1 600w, https:\/\/i0.wp.com\/celaya.tecnm.mx\/administracion\/wp-content\/uploads\/2024\/12\/logo-2-labama-1.png?resize=350%2C127&amp;ssl=1 350w, https:\/\/i0.wp.com\/celaya.tecnm.mx\/administracion\/wp-content\/uploads\/2024\/12\/logo-2-labama-1.png?resize=1100%2C398&amp;ssl=1 1100w\" sizes=\"(max-width: 300px) 100vw, 300px\" \/>\t\t\t\t\t\t\t\t\t\t\t\t\t\t\t<\/div>\n\t\t\t\t<\/div>\n\t\t\t\t\t<\/div>\n\t\t\t\t<\/div>\n\t\t<div class=\"elementor-element elementor-element-a6c1ff9 e-flex e-con-boxed e-con e-parent\" data-id=\"a6c1ff9\" data-element_type=\"container\" data-settings=\"{&quot;_ha_eqh_enable&quot;:false}\">\n\t\t\t\t\t<div class=\"e-con-inner\">\n\t\t\t\t<div class=\"elementor-element elementor-element-89591b8 elementor-widget-divider--view-line elementor-widget elementor-widget-divider\" data-id=\"89591b8\" data-element_type=\"widget\" data-widget_type=\"divider.default\">\n\t\t\t\t<div class=\"elementor-widget-container\">\n\t\t\t\t\t\t\t<div class=\"elementor-divider\">\n\t\t\t<span class=\"elementor-divider-separator\">\n\t\t\t\t\t\t<\/span>\n\t\t<\/div>\n\t\t\t\t\t\t<\/div>\n\t\t\t\t<\/div>\n\t\t\t\t<div class=\"elementor-element elementor-element-a5b22af elementor-widget elementor-widget-eael-fancy-text\" data-id=\"a5b22af\" data-element_type=\"widget\" data-widget_type=\"eael-fancy-text.default\">\n\t\t\t\t<div class=\"elementor-widget-container\">\n\t\t\t\t\t\n\t<div  class=\"eael-fancy-text-container style-1\" data-fancy-text-id=\"a5b22af\" data-fancy-text=\"|Experiencia.\" data-fancy-text-transition-type=\"typing\" data-fancy-text-speed=\"50\" data-fancy-text-delay=\"2500\" data-fancy-text-cursor=\"yes\" data-fancy-text-loop=\"yes\" data-fancy-text-action=\"page_load\" >\n\t\t\n\t\t\n\t\t\t\t\t<span id=\"eael-fancy-text-a5b22af\" class=\"eael-fancy-text-strings \">\n\t\t\t\t<noscript>\n\t\t\t\t\tExperiencia.\t\t\t\t<\/noscript>\n\t\t\t<\/span>\n\t\t\n\t\t\t<\/div><!-- close .eael-fancy-text-container -->\n\n\t<div class=\"clearfix\"><\/div>\n\n\t\t\t\t\t<\/div>\n\t\t\t\t<\/div>\n\t\t\t\t<div class=\"elementor-element elementor-element-daa0562 elementor-widget elementor-widget-text-editor\" data-id=\"daa0562\" data-element_type=\"widget\" data-widget_type=\"text-editor.default\">\n\t\t\t\t<div class=\"elementor-widget-container\">\n\t\t\t\t\t\t\t\t\t<p>Desde su formalizaci\u00f3n, LANBAMA ha apoyado a empresas del sector agr\u00edcola e industrial para la concepci\u00f3n, gestor\u00eda y ejecuci\u00f3n de proyectos de innovaci\u00f3n en vinculaci\u00f3n con LANBAMA del TecNM en Celaya. Al menos 9 Proyectos de corte estatal y nacional, entre algunos de ellos:<\/p><ul><li>Proyecto PEI 2016 con la empresa Frozen Pulps de M\u00e9xico SA de CV,<\/li><li>Proyecto PEI 2017 con la empresa Agskill SAPI,<\/li><li>Proyectos FINNOVATEG 2016 con la empresa Innovaxis S de RL,<\/li><li>Proyectos FINNOVATEG \u00a02017 con la empresa Naturagri S de RL<\/li><li>Proyectos FINNOVATEG \u00a02017 con la empresa Qu\u00edmica Lucava SA de CV<\/li><\/ul><p>Los investigadores que colaboran con el Laboratorio Nacional cuentan con amplia experiencia en la gesti\u00f3n y ejecuci\u00f3n de muchos otros proyectos de innovaci\u00f3n y desarrollo tecnol\u00f3gico.<\/p>\t\t\t\t\t\t\t\t<\/div>\n\t\t\t\t<\/div>\n\t\t\t\t<div class=\"elementor-element elementor-element-ffc69eb elementor-widget elementor-widget-text-editor\" data-id=\"ffc69eb\" data-element_type=\"widget\" data-widget_type=\"text-editor.default\">\n\t\t\t\t<div class=\"elementor-widget-container\">\n\t\t\t\t\t\t\t\t\t<p>Desde su formalizaci\u00f3n, LANBAMA ha apoyado a empresas del sector agr\u00edcola e industrial para la concepci\u00f3n, gestor\u00eda y ejecuci\u00f3n de proyectos de innovaci\u00f3n en vinculaci\u00f3n con LANBAMA del TecNM en Celaya. Al menos 9 Proyectos de corte estatal y nacional, entre algunos de ellos:<\/p><ul><li>Proyecto PEI 2016 con la empresa Frozen Pulps de M\u00e9xico SA de CV,<\/li><li>Proyecto PEI 2017 con la empresa Agskill SAPI,<\/li><li>Proyectos FINNOVATEG 2016 con la empresa Innovaxis S de RL,<\/li><li>Proyectos FINNOVATEG \u00a02017 con la empresa Naturagri S de RL<\/li><li>Proyectos FINNOVATEG \u00a02017 con la empresa Qu\u00edmica Lucava SA de CV<\/li><\/ul><p>Los investigadores que colaboran con el Laboratorio Nacional cuentan con amplia experiencia en la gesti\u00f3n y ejecuci\u00f3n de muchos otros proyectos de innovaci\u00f3n y desarrollo tecnol\u00f3gico.<\/p>\t\t\t\t\t\t\t\t<\/div>\n\t\t\t\t<\/div>\n\t\t\t\t<div class=\"elementor-element elementor-element-a69e549 elementor-widget-divider--view-line elementor-widget elementor-widget-divider\" data-id=\"a69e549\" data-element_type=\"widget\" data-widget_type=\"divider.default\">\n\t\t\t\t<div class=\"elementor-widget-container\">\n\t\t\t\t\t\t\t<div class=\"elementor-divider\">\n\t\t\t<span class=\"elementor-divider-separator\">\n\t\t\t\t\t\t<\/span>\n\t\t<\/div>\n\t\t\t\t\t\t<\/div>\n\t\t\t\t<\/div>\n\t\t\t\t\t<\/div>\n\t\t\t\t<\/div>\n\t\t<div class=\"elementor-element elementor-element-5b00bd5 e-flex e-con-boxed e-con e-parent\" data-id=\"5b00bd5\" data-element_type=\"container\" data-settings=\"{&quot;_ha_eqh_enable&quot;:false}\">\n\t\t\t\t\t<div class=\"e-con-inner\">\n\t\t\t\t<div class=\"elementor-element elementor-element-0f708ce elementor-widget elementor-widget-eael-fancy-text\" data-id=\"0f708ce\" data-element_type=\"widget\" data-widget_type=\"eael-fancy-text.default\">\n\t\t\t\t<div class=\"elementor-widget-container\">\n\t\t\t\t\t\n\t<div  class=\"eael-fancy-text-container style-1\" data-fancy-text-id=\"0f708ce\" data-fancy-text=\"|Investigadores Asociados.\" data-fancy-text-transition-type=\"typing\" data-fancy-text-speed=\"50\" data-fancy-text-delay=\"2500\" data-fancy-text-cursor=\"yes\" data-fancy-text-loop=\"yes\" data-fancy-text-action=\"page_load\" >\n\t\t\n\t\t\n\t\t\t\t\t<span id=\"eael-fancy-text-0f708ce\" class=\"eael-fancy-text-strings solid-color\">\n\t\t\t\t<noscript>\n\t\t\t\t\tInvestigadores Asociados.\t\t\t\t<\/noscript>\n\t\t\t<\/span>\n\t\t\n\t\t\t<\/div><!-- close .eael-fancy-text-container -->\n\n\t<div class=\"clearfix\"><\/div>\n\n\t\t\t\t\t<\/div>\n\t\t\t\t<\/div>\n\t\t\t\t<div class=\"elementor-element elementor-element-2e68cc1 elementor-widget elementor-widget-heading\" data-id=\"2e68cc1\" data-element_type=\"widget\" data-widget_type=\"heading.default\">\n\t\t\t\t<div class=\"elementor-widget-container\">\n\t\t\t\t\t<h6 class=\"elementor-heading-title elementor-size-default\">Responsable t\u00e9cnico de servicios y proyectos de hospedaje con empresas del sector agr\u00edcola<\/h6>\t\t\t\t<\/div>\n\t\t\t\t<\/div>\n\t\t\t\t<div class=\"elementor-element elementor-element-991d471 elementor-widget elementor-widget-heading\" data-id=\"991d471\" data-element_type=\"widget\" data-widget_type=\"heading.default\">\n\t\t\t\t<div class=\"elementor-widget-container\">\n\t\t\t\t\t<h3 class=\"elementor-heading-title elementor-size-default\">Dra. Marcela C\u00e1rdenas Manr\u00edquez.<\/h3>\t\t\t\t<\/div>\n\t\t\t\t<\/div>\n\t\t\t\t<div class=\"elementor-element elementor-element-4e67bef elementor-widget elementor-widget-text-editor\" data-id=\"4e67bef\" data-element_type=\"widget\" data-widget_type=\"text-editor.default\">\n\t\t\t\t<div class=\"elementor-widget-container\">\n\t\t\t\t\t\t\t\t\t<p style=\"padding-left: 40px;\">La Dra. C\u00e1rdenas cuenta con amplia experiencia en la asesor\u00eda, capacitaci\u00f3n y hospedaje de empresas del sector agr\u00edcola, especialmente para la innovaci\u00f3n, desarrollo y escalimento de procesos de manufactura, validaci\u00f3n en laboratorio, campo experimental y en condiciones reales de productos bioracionales. Ha colaborado con empresas como BioKrone, Mezfer, Qu\u00edmica Agron\u00f3mica de M\u00e9xico, Qu\u00edmica Lucava, Naturagri y TNI. Como resultado de los proyectos, se han desarrollado a nivel precomeracial al menos 5 nuevos productos, se ha sometido una solicitud de patente nacional y se ha gestionado la transferencia de tecnolog\u00eda.<\/p><p style=\"padding-left: 40px;\">Actualmente, la Dra. C\u00e1rdenas es responsable del hospedaje para el aceleramiento y desarrollo de nuevos productos, procesos y servicios de Naturagri S de RL y Tecnolog\u00edas Naturales Internacional, TNI en el parque de Innovaci\u00f3n InnovaTecNM.<\/p><p style=\"padding-left: 40px;\">Como parte de la ejecuci\u00f3n de los proyectos se form\u00f3 capital humano altamente especializado que se ha incorporado a empresas 2 posdoctorantes, 4 alumnos de maestr\u00eda en innovaci\u00f3n aplicada, 10 alumnos de IQ e IA titulados mediante proyectos de residencias, publicaciones, presentaciones en congresos y una patente ingresada a IMPI.<\/p>\t\t\t\t\t\t\t\t<\/div>\n\t\t\t\t<\/div>\n\t\t\t\t<div class=\"elementor-element elementor-element-33b458f elementor-widget-divider--view-line elementor-widget elementor-widget-divider\" data-id=\"33b458f\" data-element_type=\"widget\" data-widget_type=\"divider.default\">\n\t\t\t\t<div class=\"elementor-widget-container\">\n\t\t\t\t\t\t\t<div class=\"elementor-divider\">\n\t\t\t<span class=\"elementor-divider-separator\">\n\t\t\t\t\t\t<\/span>\n\t\t<\/div>\n\t\t\t\t\t\t<\/div>\n\t\t\t\t<\/div>\n\t\t\t\t\t<\/div>\n\t\t\t\t<\/div>\n\t\t<div class=\"elementor-element elementor-element-aa2534e e-flex e-con-boxed e-con e-parent\" data-id=\"aa2534e\" data-element_type=\"container\" data-settings=\"{&quot;_ha_eqh_enable&quot;:false}\">\n\t\t\t\t\t<div class=\"e-con-inner\">\n\t\t\t\t<div class=\"elementor-element elementor-element-e8f8623 elementor-widget elementor-widget-heading\" data-id=\"e8f8623\" data-element_type=\"widget\" data-widget_type=\"heading.default\">\n\t\t\t\t<div class=\"elementor-widget-container\">\n\t\t\t\t\t<h3 class=\"elementor-heading-title elementor-size-default\">Dr. Ramiro Rico<\/h3>\t\t\t\t<\/div>\n\t\t\t\t<\/div>\n\t\t\t\t<div class=\"elementor-element elementor-element-2cd8107 elementor-widget elementor-widget-text-editor\" data-id=\"2cd8107\" data-element_type=\"widget\" data-widget_type=\"text-editor.default\">\n\t\t\t\t<div class=\"elementor-widget-container\">\n\t\t\t\t\t\t\t\t\t<p style=\"font-weight: 400; padding-left: 40px;\"><strong>Cuenta con una amplia experiencia en la asesor\u00eda y en la gesti\u00f3n de proyectos del sector qu\u00edmico y de la industria de la transformaci\u00f3n, as\u00ed como en gesti\u00f3n y administraci\u00f3n de proyectos de innovaci\u00f3n.\u00a0<\/strong><\/p><p style=\"font-weight: 400; padding-left: 40px; text-align: left;\"><strong>Ha participado en Proyectos del Programa de Est\u00edmulos a la Innovaci\u00f3n, FINNOVATEG, FIT, entre otros, como responsable t\u00e9cnico con empresas como\u00a0Frozen Pulps de M\u00e9xico SA de CV, Fertilab, Macrivcel y\u00a0\u00a0Agskill SAPI.<\/strong><\/p><p style=\"padding-left: 40px;\">\u00a0<\/p>\t\t\t\t\t\t\t\t<\/div>\n\t\t\t\t<\/div>\n\t\t\t\t\t<\/div>\n\t\t\t\t<\/div>\n\t\t\t\t<\/div>\n\t\t","protected":false},"excerpt":{"rendered":"<p>Tendencias hoy Prueba 2 Prueba1 Makerspaces y Fablabs: nuevas formas y espacios de\u00a0producci\u00f3n Cultivan lechugas en condiciones extremas de Marte y la Luna en ITC Clausura proyectos programa 2024 Gimnasio Experiencia. Desde su formalizaci\u00f3n, LANBAMA ha apoyado a empresas del sector agr\u00edcola e industrial para la concepci\u00f3n, gestor\u00eda y ejecuci\u00f3n de proyectos de innovaci\u00f3n en [&hellip;]<\/p>\n","protected":false},"author":1,"featured_media":0,"parent":0,"menu_order":0,"comment_status":"closed","ping_status":"closed","template":"","meta":{"_coblocks_attr":"","_coblocks_dimensions":"","_coblocks_responsive_height":"","_coblocks_accordion_ie_support":"","_eb_attr":"","site-sidebar-layout":"no-sidebar","site-content-layout":"page-builder","ast-site-content-layout":"","site-content-style":"default","site-sidebar-style":"default","ast-global-header-display":"","ast-banner-title-visibility":"","ast-main-header-display":"","ast-hfb-above-header-display":"","ast-hfb-below-header-display":"","ast-hfb-mobile-header-display":"","site-post-title":"disabled","ast-breadcrumbs-content":"","ast-featured-img":"disabled","footer-sml-layout":"","theme-transparent-header-meta":"","adv-header-id-meta":"","stick-header-meta":"","header-above-stick-meta":"","header-main-stick-meta":"","header-below-stick-meta":"","astra-migrate-meta-layouts":"default","ast-page-background-enabled":"default","ast-page-background-meta":{"desktop":{"background-color":"var(--ast-global-color-4)","background-image":"","background-repeat":"repeat","background-position":"center center","background-size":"auto","background-attachment":"scroll","background-type":"","background-media":"","overlay-type":"","overlay-color":"","overlay-opacity":"","overlay-gradient":""},"tablet":{"background-color":"","background-image":"","background-repeat":"repeat","background-position":"center center","background-size":"auto","background-attachment":"scroll","background-type":"","background-media":"","overlay-type":"","overlay-color":"","overlay-opacity":"","overlay-gradient":""},"mobile":{"background-color":"","background-image":"","background-repeat":"repeat","background-position":"center center","background-size":"auto","background-attachment":"scroll","background-type":"","background-media":"","overlay-type":"","overlay-color":"","overlay-opacity":"","overlay-gradient":""}},"ast-content-background-meta":{"desktop":{"background-color":"var(--ast-global-color-5)","background-image":"","background-repeat":"repeat","background-position":"center center","background-size":"auto","background-attachment":"scroll","background-type":"","background-media":"","overlay-type":"","overlay-color":"","overlay-opacity":"","overlay-gradient":""},"tablet":{"background-color":"var(--ast-global-color-5)","background-image":"","background-repeat":"repeat","background-position":"center center","background-size":"auto","background-attachment":"scroll","background-type":"","background-media":"","overlay-type":"","overlay-color":"","overlay-opacity":"","overlay-gradient":""},"mobile":{"background-color":"var(--ast-global-color-5)","background-image":"","background-repeat":"repeat","background-position":"center center","background-size":"auto","background-attachment":"scroll","background-type":"","background-media":"","overlay-type":"","overlay-color":"","overlay-opacity":"","overlay-gradient":""}},"footnotes":""},"class_list":["post-3461","page","type-page","status-publish","hentry"],"jetpack-related-posts":[],"jetpack_sharing_enabled":true,"_links":{"self":[{"href":"https:\/\/celaya.tecnm.mx\/administracion\/wp-json\/wp\/v2\/pages\/3461","targetHints":{"allow":["GET"]}}],"collection":[{"href":"https:\/\/celaya.tecnm.mx\/administracion\/wp-json\/wp\/v2\/pages"}],"about":[{"href":"https:\/\/celaya.tecnm.mx\/administracion\/wp-json\/wp\/v2\/types\/page"}],"author":[{"embeddable":true,"href":"https:\/\/celaya.tecnm.mx\/administracion\/wp-json\/wp\/v2\/users\/1"}],"replies":[{"embeddable":true,"href":"https:\/\/celaya.tecnm.mx\/administracion\/wp-json\/wp\/v2\/comments?post=3461"}],"version-history":[{"count":31,"href":"https:\/\/celaya.tecnm.mx\/administracion\/wp-json\/wp\/v2\/pages\/3461\/revisions"}],"predecessor-version":[{"id":4839,"href":"https:\/\/celaya.tecnm.mx\/administracion\/wp-json\/wp\/v2\/pages\/3461\/revisions\/4839"}],"wp:attachment":[{"href":"https:\/\/celaya.tecnm.mx\/administracion\/wp-json\/wp\/v2\/media?parent=3461"}],"curies":[{"name":"wp","href":"https:\/\/api.w.org\/{rel}","templated":true}]}}