{"id":3334,"date":"2024-12-01T16:26:34","date_gmt":"2024-12-01T23:26:34","guid":{"rendered":"https:\/\/celaya.tecnm.mx\/administracion\/?page_id=3334"},"modified":"2025-03-01T18:07:39","modified_gmt":"2025-03-02T01:07:39","slug":"celula-de-desarrollo-de-software","status":"publish","type":"page","link":"https:\/\/celaya.tecnm.mx\/administracion\/celula-de-desarrollo-de-software\/","title":{"rendered":"F\u00e1brica de desarrollo de software"},"content":{"rendered":"\t\t<div data-elementor-type=\"wp-page\" data-elementor-id=\"3334\" class=\"elementor elementor-3334\" data-elementor-settings=\"{&quot;ha_cmc_init_switcher&quot;:&quot;no&quot;}\">\n\t\t\t\t<div class=\"elementor-element elementor-element-fef3d79 e-flex e-con-boxed e-con e-parent\" data-id=\"fef3d79\" data-element_type=\"container\" data-settings=\"{&quot;_ha_eqh_enable&quot;:false}\">\n\t\t\t\t\t<div class=\"e-con-inner\">\n\t\t\t\t<div class=\"elementor-element elementor-element-4420c31 ha-has-bg-overlay elementor-widget elementor-widget-eael-content-ticker\" data-id=\"4420c31\" data-element_type=\"widget\" data-widget_type=\"eael-content-ticker.default\">\n\t\t\t\t<div class=\"elementor-widget-container\">\n\t\t\t\t\t<div class=\"eael-ticker-wrap\" id=\"eael-ticker-wrap-4420c31\"><div class=\"ticker-badge\">\n                    <span>Tendencias hoy<\/span>\n                <\/div><div class=\"eael-ticker\">\n                <div class=\"swiper swiper-8 eael-content-ticker swiper-container-4420c31\" data-pagination=\".swiper-pagination-4420c31\" data-arrow-next=\".swiper-button-next-4420c31\" data-arrow-prev=\".swiper-button-prev-4420c31\" data-effect=\"fade\" data-speed=\"400\" data-autoplay=\"2000\" data-loop=\"1\" data-arrows=\"1\">\n                    <div class=\"swiper-wrapper\"><\/div>\n\t\t\t\t<\/div> <div class=\"content-ticker-pagination\"><div class=\"swiper-button-next swiper-button-next-4420c31\"><i class=\"fas fa-angle-right\"><\/i><\/div><div class=\"swiper-button-prev swiper-button-prev-4420c31\"><i class=\"fas fa-angle-left\"><\/i><\/div><\/div><\/div>\n\t\t<\/div>\t\t\t\t<\/div>\n\t\t\t\t<\/div>\n\t\t\t\t\t<\/div>\n\t\t\t\t<\/div>\n\t\t<div class=\"elementor-element elementor-element-6271f12 e-flex e-con-boxed e-con e-parent\" data-id=\"6271f12\" data-element_type=\"container\" data-settings=\"{&quot;_ha_eqh_enable&quot;:false}\">\n\t\t\t\t\t<div class=\"e-con-inner\">\n\t\t\t\t<div class=\"elementor-element elementor-element-9d12b83 elementor-widget elementor-widget-image\" data-id=\"9d12b83\" data-element_type=\"widget\" data-widget_type=\"image.default\">\n\t\t\t\t<div class=\"elementor-widget-container\">\n\t\t\t\t\t\t\t\t\t\t\t\t\t\t\t<img fetchpriority=\"high\" decoding=\"async\" width=\"350\" height=\"350\" src=\"https:\/\/i0.wp.com\/celaya.tecnm.mx\/administracion\/wp-content\/uploads\/2024\/12\/logo_3-removebg-preview.png?resize=350%2C350&amp;ssl=1\" class=\"attachment-user-gallery-middle size-user-gallery-middle wp-image-3356\" alt=\"\" srcset=\"https:\/\/i0.wp.com\/celaya.tecnm.mx\/administracion\/wp-content\/uploads\/2024\/12\/logo_3-removebg-preview.png?resize=150%2C150&amp;ssl=1 150w, https:\/\/i0.wp.com\/celaya.tecnm.mx\/administracion\/wp-content\/uploads\/2024\/12\/logo_3-removebg-preview.png?resize=300%2C300&amp;ssl=1 300w, https:\/\/i0.wp.com\/celaya.tecnm.mx\/administracion\/wp-content\/uploads\/2024\/12\/logo_3-removebg-preview.png?resize=100%2C100&amp;ssl=1 100w, https:\/\/i0.wp.com\/celaya.tecnm.mx\/administracion\/wp-content\/uploads\/2024\/12\/logo_3-removebg-preview.png?resize=350%2C350&amp;ssl=1 350w, https:\/\/i0.wp.com\/celaya.tecnm.mx\/administracion\/wp-content\/uploads\/2024\/12\/logo_3-removebg-preview.png?resize=51%2C51&amp;ssl=1 51w, https:\/\/i0.wp.com\/celaya.tecnm.mx\/administracion\/wp-content\/uploads\/2024\/12\/logo_3-removebg-preview.png?w=450&amp;ssl=1 450w, https:\/\/i0.wp.com\/celaya.tecnm.mx\/administracion\/wp-content\/uploads\/2024\/12\/logo_3-removebg-preview.png?w=720&amp;ssl=1 720w\" sizes=\"(max-width: 350px) 100vw, 350px\" \/>\t\t\t\t\t\t\t\t\t\t\t\t\t\t\t<\/div>\n\t\t\t\t<\/div>\n\t\t\t\t\t<\/div>\n\t\t\t\t<\/div>\n\t\t\t\t<section class=\"elementor-section elementor-top-section elementor-element elementor-element-693eb09f elementor-section-boxed elementor-section-height-default elementor-section-height-default\" data-id=\"693eb09f\" data-element_type=\"section\" data-settings=\"{&quot;_ha_eqh_enable&quot;:false}\">\n\t\t\t\t\t\t<div class=\"elementor-container elementor-column-gap-default\">\n\t\t\t\t\t<div class=\"elementor-column elementor-col-100 elementor-top-column elementor-element elementor-element-305dae0e\" data-id=\"305dae0e\" data-element_type=\"column\">\n\t\t\t<div class=\"elementor-widget-wrap elementor-element-populated\">\n\t\t\t\t\t\t<div class=\"elementor-element elementor-element-38e072c elementor-widget elementor-widget-text-editor\" data-id=\"38e072c\" data-element_type=\"widget\" data-widget_type=\"text-editor.default\">\n\t\t\t\t<div class=\"elementor-widget-container\">\n\t\t\t\t\t\t\t\t\t<p>Una f\u00e1brica de desarrollo de software es una organizaci\u00f3n o unidad dentro de una empresa que se especializa en la producci\u00f3n sistem\u00e1tica y eficiente de software. A diferencia de una c\u00e9lula de desarrollo, que es m\u00e1s peque\u00f1a y aut\u00f3noma, una f\u00e1brica de software suele tener una estructura m\u00e1s grande y formalizada, con procesos estandarizados y roles definidos para maximizar la productividad y la calidad.<\/p>\t\t\t\t\t\t\t\t<\/div>\n\t\t\t\t<\/div>\n\t\t\t\t<div class=\"elementor-element elementor-element-c042b84 elementor-widget elementor-widget-heading\" data-id=\"c042b84\" data-element_type=\"widget\" data-widget_type=\"heading.default\">\n\t\t\t\t<div class=\"elementor-widget-container\">\n\t\t\t\t\t<h2 class=\"elementor-heading-title elementor-size-default\">Funciones principales de una f\u00e1brica de desarrollo de software:<\/h2>\t\t\t\t<\/div>\n\t\t\t\t<\/div>\n\t\t\t\t<div class=\"elementor-element elementor-element-29dbb3e elementor-widget elementor-widget-text-editor\" data-id=\"29dbb3e\" data-element_type=\"widget\" data-widget_type=\"text-editor.default\">\n\t\t\t\t<div class=\"elementor-widget-container\">\n\t\t\t\t\t\t\t\t\t<ol>\n<li><strong>Desarrollo de Software<\/strong>: Crear aplicaciones y sistemas de software siguiendo metodolog\u00edas y est\u00e1ndares establecidos para asegurar la calidad y la eficiencia.<!-- \/wp:list-item --><!-- wp:list-item --><\/li>\n<li><strong>Gesti\u00f3n de Proyectos<\/strong>: Planificar, ejecutar y supervisar proyectos de desarrollo de software, asegurando que se cumplan los plazos y los presupuestos.<!-- \/wp:list-item --><!-- wp:list-item --><\/li>\n<li><strong>Pruebas y Control de Calidad<\/strong>: Implementar procesos de pruebas rigurosos para identificar y corregir errores, garantizando que el software cumpla con los requisitos y est\u00e1ndares de calidad.<!-- \/wp:list-item --><!-- wp:list-item --><\/li>\n<li><strong>Documentaci\u00f3n<\/strong>: Crear y mantener documentaci\u00f3n detallada del software, incluyendo manuales de usuario, gu\u00edas de instalaci\u00f3n y documentaci\u00f3n t\u00e9cnica.<!-- \/wp:list-item --><!-- wp:list-item --><\/li>\n<li><strong>Innovaci\u00f3n y Mejora Continua<\/strong>: Investigar y adoptar nuevas tecnolog\u00edas y metodolog\u00edas para mejorar continuamente los procesos de desarrollo y la calidad del software<!-- \/wp:list-item --><!-- wp:list-item --><\/li>\n<li><strong>Mantenimiento y Soporte<\/strong>: Proveer mantenimiento continuo y soporte t\u00e9cnico para los productos de software, asegurando su funcionamiento \u00f3ptimo y la satisfacci\u00f3n del cliente.<!-- \/wp:list-item --><!-- wp:list-item --><\/li>\n<li><strong>Formaci\u00f3n y Capacitaci\u00f3n<\/strong>: Capacitar a los empleados en nuevas tecnolog\u00edas, herramientas y metodolog\u00edas para mantener al equipo actualizado y eficiente.<\/li>\n<\/ol>\n<p><!-- \/wp:list-item --><\/p>\n<p><!-- \/wp:list --><!-- wp:paragraph --><\/p>\n<p>\u00a0<\/p>\t\t\t\t\t\t\t\t<\/div>\n\t\t\t\t<\/div>\n\t\t\t\t\t<\/div>\n\t\t<\/div>\n\t\t\t\t\t<\/div>\n\t\t<\/section>\n\t\t<div class=\"elementor-element elementor-element-d4ece14 e-flex e-con-boxed e-con e-parent\" data-id=\"d4ece14\" data-element_type=\"container\" data-settings=\"{&quot;_ha_eqh_enable&quot;:false}\">\n\t\t\t\t\t<div class=\"e-con-inner\">\n\t\t\t\t<div class=\"elementor-element elementor-element-42652b6 elementor-widget elementor-widget-sina_banner_slider\" data-id=\"42652b6\" data-element_type=\"widget\" data-widget_type=\"sina_banner_slider.default\">\n\t\t\t\t<div class=\"elementor-widget-container\">\n\t\t\t\t\t\t\t<div class=\"sina-banner-slider owl-carousel\"\r\n\t\tdata-autoplay=\"yes\"\r\n\t\tdata-pause=\"yes\"\r\n\t\tdata-nav=\"yes\"\r\n\t\tdata-dots=\"yes\"\r\n\t\tdata-mouse-drag=\"yes\"\r\n\t\tdata-touch-drag=\"yes\"\r\n\t\tdata-loop=\"yes\"\r\n\t\tdata-speed=\"\"\r\n\t\tdata-part-anim=\"yes\"\r\n\t\tdata-delay=\"5000\">\r\n\r\n\t\t\t\t\t\t\t<div class=\"sina-slider-content sina-bg-cover\" style=\"background-image: url(https:\/\/celaya.tecnm.mx\/administracion\/wp-content\/uploads\/2024\/12\/julianferrer_fotografia_hiperreal_de_estudiantes_trabajando_en__2bdd6569-bbef-4d03-b087-f036fff6dd6f.png);\">\r\n\t\t\t\t\t\t\t\t\t\t\t<div class=\"sina-overlay\"><\/div>\r\n\t\t\t\t\t\r\n\t\t\t\t\t<div class=\"sina-banner-container elementor-repeater-item-87761c2\">\r\n\r\n\t\t\t\t\t\t\t\t\t\t\t\t\t\t\t\t\t\t\t\t<h1 class=\"sina-banner-title sina-anim-invisible\" data-animation=\"animated fadeInLeft\">F\u00e1brica de Desarollo de Software<\/h1>\t\t\t\t\t\t\r\n\t\t\t\t\t\t\r\n\t\t\t\t\t\t\r\n\t\t\t\t\t\t\t\t\t\t\t<\/div>\r\n\t\t\t\t<\/div>\r\n\t\t\t\t\t<\/div><!-- .sina-banner-slider -->\r\n\t\t\t\t\t\t<\/div>\n\t\t\t\t<\/div>\n\t\t\t\t\t<\/div>\n\t\t\t\t<\/div>\n\t\t\t\t<section class=\"elementor-section elementor-top-section elementor-element elementor-element-e3193ab elementor-section-boxed elementor-section-height-default elementor-section-height-default\" data-id=\"e3193ab\" data-element_type=\"section\" data-settings=\"{&quot;_ha_eqh_enable&quot;:false}\">\n\t\t\t\t\t\t<div class=\"elementor-container elementor-column-gap-default\">\n\t\t\t\t\t<div class=\"elementor-column elementor-col-100 elementor-top-column elementor-element elementor-element-75ee73d\" data-id=\"75ee73d\" data-element_type=\"column\">\n\t\t\t<div class=\"elementor-widget-wrap elementor-element-populated\">\n\t\t\t\t\t\t<div class=\"elementor-element elementor-element-7d89f1d elementor-widget elementor-widget-text-editor\" data-id=\"7d89f1d\" data-element_type=\"widget\" data-widget_type=\"text-editor.default\">\n\t\t\t\t<div class=\"elementor-widget-container\">\n\t\t\t\t\t\t\t\t\t<figure class=\"wp-block-gallery has-nested-images columns-default is-cropped\"><!-- wp:image {\"id\":3363,\"sizeSlug\":\"full\",\"linkDestination\":\"none\"} -->\n<p><span style=\"font-size: 16px;\">Una f\u00e1brica de desarrollo de software presta sus servicios a una variedad de clientes, dependiendo de su especializaci\u00f3n y capacidades.<\/span><\/p>\n<ol>\n<li><strong style=\"font-size: 16px;\">Empresas<\/strong><span style=\"font-size: 16px;\">: Desde peque\u00f1as y medianas empresas hasta grandes corporaciones que necesitan desarrollar software personalizado para mejorar sus operaciones, gestionar datos, o interactuar con sus clientes.<\/span><\/li>\n<li><strong>Startups<\/strong>: Nuevas empresas tecnol\u00f3gicas que requieren desarrollo r\u00e1pido y eficiente de productos m\u00ednimos viables (MVP) para lanzar al mercado y validar sus ideas.<\/li>\n<li><strong style=\"font-size: 16px;\">Gobiernos y Organizaciones P\u00fablicas<\/strong><span style=\"font-size: 16px;\">: Entidades gubernamentales que necesitan soluciones de software para gestionar servicios p\u00fablicos, mejorar la eficiencia administrativa, o proporcionar servicios digitales a los ciudadanos.<\/span><\/li>\n<li><strong style=\"font-size: 16px;\">Instituciones Educativas<\/strong><span style=\"font-size: 16px;\">: Universidades y escuelas que buscan desarrollar plataformas educativas, sistemas de gesti\u00f3n de estudiantes, o herramientas de aprendizaje en l\u00ednea.<\/span><\/li>\n<li><strong style=\"font-size: 16px;\">Setor Salud<\/strong><span style=\"font-size: 16px;\">: Hospitales, cl\u00ednicas y otras organizaciones de salud que requieren software para la gesti\u00f3n de pacientes, registros m\u00e9dicos electr\u00f3nicos, y otras aplicaciones relacionadas con la salud.<\/span><\/li>\n<li><strong style=\"font-size: 16px;\">Empresas de Tecnolog\u00eda<\/strong><span style=\"font-size: 16px;\">: Otras empresas de tecnolog\u00eda que necesitan subcontratar partes de su desarrollo de software para cumplir con plazos ajustados o complementar sus capacidades internas.<\/span><\/li>\n<li><strong style=\"font-size: 16px;\">Organizaciones Sin Fines de Lucro<\/strong><span style=\"font-size: 16px;\">: ONGs y otras organizaciones que necesitan soluciones tecnol\u00f3gicas para gestionar sus operaciones, recaudar fondos, o interactuar con sus beneficiarios.<\/span><\/li>\n<\/ol>\n<\/figure>\n<p><!-- \/wp:list-item --><\/p>\n<p><!-- \/wp:list --><\/p>\t\t\t\t\t\t\t\t<\/div>\n\t\t\t\t<\/div>\n\t\t\t\t\t<\/div>\n\t\t<\/div>\n\t\t\t\t\t<\/div>\n\t\t<\/section>\n\t\t\t\t<\/div>\n\t\t","protected":false},"excerpt":{"rendered":"<p>Tendencias hoy Prueba 2 Prueba1 Makerspaces y Fablabs: nuevas formas y espacios de\u00a0producci\u00f3n Cultivan lechugas en condiciones extremas de Marte y la Luna en ITC Clausura proyectos programa 2024 Gimnasio Una f\u00e1brica de desarrollo de software es una organizaci\u00f3n o unidad dentro de una empresa que se especializa en la producci\u00f3n sistem\u00e1tica y eficiente de [&hellip;]<\/p>\n","protected":false},"author":1,"featured_media":0,"parent":0,"menu_order":0,"comment_status":"closed","ping_status":"closed","template":"","meta":{"_coblocks_attr":"","_coblocks_dimensions":"","_coblocks_responsive_height":"","_coblocks_accordion_ie_support":"","_eb_attr":"","site-sidebar-layout":"default","site-content-layout":"","ast-site-content-layout":"","site-content-style":"default","site-sidebar-style":"default","ast-global-header-display":"","ast-banner-title-visibility":"","ast-main-header-display":"","ast-hfb-above-header-display":"","ast-hfb-below-header-display":"","ast-hfb-mobile-header-display":"","site-post-title":"","ast-breadcrumbs-content":"","ast-featured-img":"","footer-sml-layout":"","theme-transparent-header-meta":"","adv-header-id-meta":"","stick-header-meta":"","header-above-stick-meta":"","header-main-stick-meta":"","header-below-stick-meta":"","astra-migrate-meta-layouts":"default","ast-page-background-enabled":"default","ast-page-background-meta":{"desktop":{"background-color":"var(--ast-global-color-4)","background-image":"","background-repeat":"repeat","background-position":"center center","background-size":"auto","background-attachment":"scroll","background-type":"","background-media":"","overlay-type":"","overlay-color":"","overlay-opacity":"","overlay-gradient":""},"tablet":{"background-color":"","background-image":"","background-repeat":"repeat","background-position":"center center","background-size":"auto","background-attachment":"scroll","background-type":"","background-media":"","overlay-type":"","overlay-color":"","overlay-opacity":"","overlay-gradient":""},"mobile":{"background-color":"","background-image":"","background-repeat":"repeat","background-position":"center center","background-size":"auto","background-attachment":"scroll","background-type":"","background-media":"","overlay-type":"","overlay-color":"","overlay-opacity":"","overlay-gradient":""}},"ast-content-background-meta":{"desktop":{"background-color":"var(--ast-global-color-5)","background-image":"","background-repeat":"repeat","background-position":"center center","background-size":"auto","background-attachment":"scroll","background-type":"","background-media":"","overlay-type":"","overlay-color":"","overlay-opacity":"","overlay-gradient":""},"tablet":{"background-color":"var(--ast-global-color-5)","background-image":"","background-repeat":"repeat","background-position":"center center","background-size":"auto","background-attachment":"scroll","background-type":"","background-media":"","overlay-type":"","overlay-color":"","overlay-opacity":"","overlay-gradient":""},"mobile":{"background-color":"var(--ast-global-color-5)","background-image":"","background-repeat":"repeat","background-position":"center center","background-size":"auto","background-attachment":"scroll","background-type":"","background-media":"","overlay-type":"","overlay-color":"","overlay-opacity":"","overlay-gradient":""}},"footnotes":""},"class_list":["post-3334","page","type-page","status-publish","hentry"],"jetpack-related-posts":[],"jetpack_sharing_enabled":true,"_links":{"self":[{"href":"https:\/\/celaya.tecnm.mx\/administracion\/wp-json\/wp\/v2\/pages\/3334","targetHints":{"allow":["GET"]}}],"collection":[{"href":"https:\/\/celaya.tecnm.mx\/administracion\/wp-json\/wp\/v2\/pages"}],"about":[{"href":"https:\/\/celaya.tecnm.mx\/administracion\/wp-json\/wp\/v2\/types\/page"}],"author":[{"embeddable":true,"href":"https:\/\/celaya.tecnm.mx\/administracion\/wp-json\/wp\/v2\/users\/1"}],"replies":[{"embeddable":true,"href":"https:\/\/celaya.tecnm.mx\/administracion\/wp-json\/wp\/v2\/comments?post=3334"}],"version-history":[{"count":47,"href":"https:\/\/celaya.tecnm.mx\/administracion\/wp-json\/wp\/v2\/pages\/3334\/revisions"}],"predecessor-version":[{"id":4869,"href":"https:\/\/celaya.tecnm.mx\/administracion\/wp-json\/wp\/v2\/pages\/3334\/revisions\/4869"}],"wp:attachment":[{"href":"https:\/\/celaya.tecnm.mx\/administracion\/wp-json\/wp\/v2\/media?parent=3334"}],"curies":[{"name":"wp","href":"https:\/\/api.w.org\/{rel}","templated":true}]}}