{"id":3261,"date":"2024-12-01T10:04:07","date_gmt":"2024-12-01T17:04:07","guid":{"rendered":"https:\/\/celaya.tecnm.mx\/administracion\/?page_id=3261"},"modified":"2024-12-01T10:04:07","modified_gmt":"2024-12-01T17:04:07","slug":"vinculacion","status":"publish","type":"page","link":"https:\/\/celaya.tecnm.mx\/administracion\/vinculacion\/","title":{"rendered":"Vinculaci\u00f3n"},"content":{"rendered":"","protected":false},"excerpt":{"rendered":"","protected":false},"author":1,"featured_media":0,"parent":0,"menu_order":0,"comment_status":"closed","ping_status":"closed","template":"","meta":{"_coblocks_attr":"","_coblocks_dimensions":"","_coblocks_responsive_height":"","_coblocks_accordion_ie_support":"","_eb_attr":"","site-sidebar-layout":"default","site-content-layout":"","ast-site-content-layout":"","site-content-style":"default","site-sidebar-style":"default","ast-global-header-display":"","ast-banner-title-visibility":"","ast-main-header-display":"","ast-hfb-above-header-display":"","ast-hfb-below-header-display":"","ast-hfb-mobile-header-display":"","site-post-title":"","ast-breadcrumbs-content":"","ast-featured-img":"","footer-sml-layout":"","theme-transparent-header-meta":"","adv-header-id-meta":"","stick-header-meta":"","header-above-stick-meta":"","header-main-stick-meta":"","header-below-stick-meta":"","astra-migrate-meta-layouts":"default","ast-page-background-enabled":"default","ast-page-background-meta":{"desktop":{"background-color":"var(--ast-global-color-4)","background-image":"","background-repeat":"repeat","background-position":"center center","background-size":"auto","background-attachment":"scroll","background-type":"","background-media":"","overlay-type":"","overlay-color":"","overlay-opacity":"","overlay-gradient":""},"tablet":{"background-color":"","background-image":"","background-repeat":"repeat","background-position":"center center","background-size":"auto","background-attachment":"scroll","background-type":"","background-media":"","overlay-type":"","overlay-color":"","overlay-opacity":"","overlay-gradient":""},"mobile":{"background-color":"","background-image":"","background-repeat":"repeat","background-position":"center center","background-size":"auto","background-attachment":"scroll","background-type":"","background-media":"","overlay-type":"","overlay-color":"","overlay-opacity":"","overlay-gradient":""}},"ast-content-background-meta":{"desktop":{"background-color":"var(--ast-global-color-5)","background-image":"","background-repeat":"repeat","background-position":"center center","background-size":"auto","background-attachment":"scroll","background-type":"","background-media":"","overlay-type":"","overlay-color":"","overlay-opacity":"","overlay-gradient":""},"tablet":{"background-color":"var(--ast-global-color-5)","background-image":"","background-repeat":"repeat","background-position":"center center","background-size":"auto","background-attachment":"scroll","background-type":"","background-media":"","overlay-type":"","overlay-color":"","overlay-opacity":"","overlay-gradient":""},"mobile":{"background-color":"var(--ast-global-color-5)","background-image":"","background-repeat":"repeat","background-position":"center center","background-size":"auto","background-attachment":"scroll","background-type":"","background-media":"","overlay-type":"","overlay-color":"","overlay-opacity":"","overlay-gradient":""}},"footnotes":""},"class_list":["post-3261","page","type-page","status-publish","hentry"],"jetpack-related-posts":[{"id":3461,"url":"https:\/\/celaya.tecnm.mx\/administracion\/lanbama-investigacion\/","url_meta":{"origin":3261,"position":0},"title":"Lanbama Investigaci\u00f3n","author":"admin","date":"2 de diciembre de 2024","format":false,"excerpt":"Tendencias hoy Prueba 2 Prueba1 Makerspaces y Fablabs: nuevas formas y espacios de\u00a0producci\u00f3n Cultivan lechugas en condiciones extremas de Marte y la Luna en ITC Clausura proyectos programa 2024 Gimnasio Experiencia. Desde su formalizaci\u00f3n, LANBAMA ha apoyado a empresas del sector agr\u00edcola e industrial para la concepci\u00f3n, gestor\u00eda y ejecuci\u00f3n\u2026","rel":"","context":"Entrada similar","block_context":{"text":"Entrada similar","link":""},"img":{"alt_text":"","src":"https:\/\/i0.wp.com\/celaya.tecnm.mx\/administracion\/wp-content\/uploads\/2024\/12\/logo-2-labama-1-300x108.png?resize=350%2C200&ssl=1","width":350,"height":200},"classes":[]},{"id":572,"url":"https:\/\/celaya.tecnm.mx\/administracion\/","url_meta":{"origin":3261,"position":1},"title":"Home","author":"Administraci\u00f3n","date":"8 de junio de 2022","format":false,"excerpt":"Parque Tecnol\u00f3gico InnovaTec Centro de Innovaci\u00f3n, Tecnolog\u00eda y Negocios https:\/\/celaya.tecnm.mx\/administracion\/wp-content\/uploads\/2025\/04\/Vieo.mp4 Quienes somos? El Parque Tecnol\u00f3gico InnovaTec, ubicado en el Campus II del Tecnol\u00f3gico Nacional de M\u00e9xico en Celaya, es un espacio destinado a impulsar el emprendimiento y la creaci\u00f3n de nuevas empresas. Con un enfoque innovador, ofrece un entorno moderno\u2026","rel":"","context":"Entrada similar","block_context":{"text":"Entrada similar","link":""},"img":{"alt_text":"","src":"https:\/\/i0.wp.com\/celaya.tecnm.mx\/administracion\/wp-content\/uploads\/2025\/04\/WhatsApp-Image-2025-04-15-at-1.34.03-PM-768x1087.jpeg?resize=350%2C200&ssl=1","width":350,"height":200,"srcset":"https:\/\/i0.wp.com\/celaya.tecnm.mx\/administracion\/wp-content\/uploads\/2025\/04\/WhatsApp-Image-2025-04-15-at-1.34.03-PM-768x1087.jpeg?resize=350%2C200&ssl=1 1x, https:\/\/i0.wp.com\/celaya.tecnm.mx\/administracion\/wp-content\/uploads\/2025\/04\/WhatsApp-Image-2025-04-15-at-1.34.03-PM-768x1087.jpeg?resize=525%2C300&ssl=1 1.5x, https:\/\/i0.wp.com\/celaya.tecnm.mx\/administracion\/wp-content\/uploads\/2025\/04\/WhatsApp-Image-2025-04-15-at-1.34.03-PM-768x1087.jpeg?resize=700%2C400&ssl=1 2x"},"classes":[]},{"id":2543,"url":"https:\/\/celaya.tecnm.mx\/administracion\/lanbama\/","url_meta":{"origin":3261,"position":2},"title":"Lanbama","author":"admin","date":"19 de noviembre de 2024","format":false,"excerpt":"Tendencias hoy Makerspaces y Fablabs: nuevas formas y espacios de\u00a0producci\u00f3n Cultivan lechugas en condiciones extremas de Marte y la Luna en ITC Clausura proyectos programa 2024 Gimnasio Presentaci\u00f3n de Proyectos Mecatr\u00f3nica Revoluci\u00f3n en la industria inteligente con manufactura aditiva en metales Laboratorio Nacional de Biotecnolog\u00eda Agr\u00edcola, M\u00e9dica y Ambiental (LANBAMA).\u2026","rel":"","context":"Entrada similar","block_context":{"text":"Entrada similar","link":""},"img":{"alt_text":"","src":"https:\/\/i0.wp.com\/celaya.tecnm.mx\/administracion\/wp-content\/uploads\/2024\/12\/logo-lanbaa-2-1.png?resize=350%2C200&ssl=1","width":350,"height":200,"srcset":"https:\/\/i0.wp.com\/celaya.tecnm.mx\/administracion\/wp-content\/uploads\/2024\/12\/logo-lanbaa-2-1.png?resize=350%2C200&ssl=1 1x, https:\/\/i0.wp.com\/celaya.tecnm.mx\/administracion\/wp-content\/uploads\/2024\/12\/logo-lanbaa-2-1.png?resize=525%2C300&ssl=1 1.5x, https:\/\/i0.wp.com\/celaya.tecnm.mx\/administracion\/wp-content\/uploads\/2024\/12\/logo-lanbaa-2-1.png?resize=700%2C400&ssl=1 2x"},"classes":[]},{"id":3962,"url":"https:\/\/celaya.tecnm.mx\/administracion\/lanbama-infraestructura\/","url_meta":{"origin":3261,"position":3},"title":"Lanbama infraestructura","author":"admin","date":"8 de diciembre de 2024","format":false,"excerpt":"Infraestructura\u00a0El laboratorio se localiza en el segundo piso del Centro de Vinculaci\u00f3n para el Desarrollo Empresarial Innovatec del Tecnol\u00f3gico Nacional de M\u00e9xico en Celaya.El edificio cuenta con todos los servicios, energ\u00eda el\u00e9ctrica 110 y 220 Volts, aire acondicionado, vigilancia, seguridad y acceso independiente. El laboratorio cuenta con \u00e1rea de oficinas\u2026","rel":"","context":"Entrada similar","block_context":{"text":"Entrada similar","link":""},"img":{"alt_text":"","src":"https:\/\/i0.wp.com\/celaya.tecnm.mx\/administracion\/wp-content\/uploads\/2024\/12\/logo-2-labama-1-1024x370.png?resize=350%2C200&ssl=1","width":350,"height":200,"srcset":"https:\/\/i0.wp.com\/celaya.tecnm.mx\/administracion\/wp-content\/uploads\/2024\/12\/logo-2-labama-1-1024x370.png?resize=350%2C200&ssl=1 1x, https:\/\/i0.wp.com\/celaya.tecnm.mx\/administracion\/wp-content\/uploads\/2024\/12\/logo-2-labama-1-1024x370.png?resize=525%2C300&ssl=1 1.5x, https:\/\/i0.wp.com\/celaya.tecnm.mx\/administracion\/wp-content\/uploads\/2024\/12\/logo-2-labama-1-1024x370.png?resize=700%2C400&ssl=1 2x"},"classes":[]}],"jetpack_sharing_enabled":true,"_links":{"self":[{"href":"https:\/\/celaya.tecnm.mx\/administracion\/wp-json\/wp\/v2\/pages\/3261","targetHints":{"allow":["GET"]}}],"collection":[{"href":"https:\/\/celaya.tecnm.mx\/administracion\/wp-json\/wp\/v2\/pages"}],"about":[{"href":"https:\/\/celaya.tecnm.mx\/administracion\/wp-json\/wp\/v2\/types\/page"}],"author":[{"embeddable":true,"href":"https:\/\/celaya.tecnm.mx\/administracion\/wp-json\/wp\/v2\/users\/1"}],"replies":[{"embeddable":true,"href":"https:\/\/celaya.tecnm.mx\/administracion\/wp-json\/wp\/v2\/comments?post=3261"}],"version-history":[{"count":1,"href":"https:\/\/celaya.tecnm.mx\/administracion\/wp-json\/wp\/v2\/pages\/3261\/revisions"}],"predecessor-version":[{"id":3264,"href":"https:\/\/celaya.tecnm.mx\/administracion\/wp-json\/wp\/v2\/pages\/3261\/revisions\/3264"}],"wp:attachment":[{"href":"https:\/\/celaya.tecnm.mx\/administracion\/wp-json\/wp\/v2\/media?parent=3261"}],"curies":[{"name":"wp","href":"https:\/\/api.w.org\/{rel}","templated":true}]}}