{"id":2323,"date":"2024-11-18T19:46:11","date_gmt":"2024-11-18T19:46:11","guid":{"rendered":"https:\/\/celaya.tecnm.mx\/administracion\/?page_id=2323"},"modified":"2024-11-18T19:46:11","modified_gmt":"2024-11-18T19:46:11","slug":"solid-works-avanzado","status":"publish","type":"page","link":"https:\/\/celaya.tecnm.mx\/administracion\/solid-works-avanzado\/","title":{"rendered":"Solid Works Avanzado"},"content":{"rendered":"","protected":false},"excerpt":{"rendered":"","protected":false},"author":1,"featured_media":0,"parent":0,"menu_order":0,"comment_status":"closed","ping_status":"closed","template":"","meta":{"_coblocks_attr":"","_coblocks_dimensions":"","_coblocks_responsive_height":"","_coblocks_accordion_ie_support":"","_eb_attr":"","site-sidebar-layout":"default","site-content-layout":"","ast-site-content-layout":"","site-content-style":"default","site-sidebar-style":"default","ast-global-header-display":"","ast-banner-title-visibility":"","ast-main-header-display":"","ast-hfb-above-header-display":"","ast-hfb-below-header-display":"","ast-hfb-mobile-header-display":"","site-post-title":"","ast-breadcrumbs-content":"","ast-featured-img":"","footer-sml-layout":"","theme-transparent-header-meta":"","adv-header-id-meta":"","stick-header-meta":"","header-above-stick-meta":"","header-main-stick-meta":"","header-below-stick-meta":"","astra-migrate-meta-layouts":"default","ast-page-background-enabled":"default","ast-page-background-meta":{"desktop":{"background-color":"var(--ast-global-color-4)","background-image":"","background-repeat":"repeat","background-position":"center center","background-size":"auto","background-attachment":"scroll","background-type":"","background-media":"","overlay-type":"","overlay-color":"","overlay-opacity":"","overlay-gradient":""},"tablet":{"background-color":"","background-image":"","background-repeat":"repeat","background-position":"center center","background-size":"auto","background-attachment":"scroll","background-type":"","background-media":"","overlay-type":"","overlay-color":"","overlay-opacity":"","overlay-gradient":""},"mobile":{"background-color":"","background-image":"","background-repeat":"repeat","background-position":"center center","background-size":"auto","background-attachment":"scroll","background-type":"","background-media":"","overlay-type":"","overlay-color":"","overlay-opacity":"","overlay-gradient":""}},"ast-content-background-meta":{"desktop":{"background-color":"var(--ast-global-color-5)","background-image":"","background-repeat":"repeat","background-position":"center center","background-size":"auto","background-attachment":"scroll","background-type":"","background-media":"","overlay-type":"","overlay-color":"","overlay-opacity":"","overlay-gradient":""},"tablet":{"background-color":"var(--ast-global-color-5)","background-image":"","background-repeat":"repeat","background-position":"center center","background-size":"auto","background-attachment":"scroll","background-type":"","background-media":"","overlay-type":"","overlay-color":"","overlay-opacity":"","overlay-gradient":""},"mobile":{"background-color":"var(--ast-global-color-5)","background-image":"","background-repeat":"repeat","background-position":"center center","background-size":"auto","background-attachment":"scroll","background-type":"","background-media":"","overlay-type":"","overlay-color":"","overlay-opacity":"","overlay-gradient":""}},"footnotes":""},"class_list":["post-2323","page","type-page","status-publish","hentry"],"jetpack-related-posts":[{"id":2293,"url":"https:\/\/celaya.tecnm.mx\/administracion\/cursos\/","url_meta":{"origin":2323,"position":0},"title":"Cursos","author":"admin","date":"18 de noviembre de 2024","format":false,"excerpt":"Diplomado en Dise\u00f1o y Manufactura Solid Works Avanzado Solid Works Principiantes Catia Dise\u00f1o Gemelos Digitales","rel":"","context":"Entrada similar","block_context":{"text":"Entrada similar","link":""},"img":{"alt_text":"","src":"","width":0,"height":0},"classes":[]},{"id":2322,"url":"https:\/\/celaya.tecnm.mx\/administracion\/solid-works-principiantes\/","url_meta":{"origin":2323,"position":1},"title":"Solid Works principiantes","author":"admin","date":"18 de noviembre de 2024","format":false,"excerpt":"","rel":"","context":"Entrada similar","block_context":{"text":"Entrada similar","link":""},"img":{"alt_text":"","src":"","width":0,"height":0},"classes":[]},{"id":2303,"url":"https:\/\/celaya.tecnm.mx\/administracion\/diplomado\/","url_meta":{"origin":2323,"position":2},"title":"Diplomado en Dise\u00f1o y Manufactura con Tecnolog\u00edas Digitales","author":"admin","date":"18 de noviembre de 2024","format":false,"excerpt":"Presentaci\u00f3n Descripci\u00f3n del diplomado Contenido detallado Formulario de contacto Descargar folleto \u00bfQu\u00e9 es 3D expierence Descripci\u00f3n Objetivo General Dirigido a Dise\u00f1o metodologico Sede Profesor responsable Costo Objetivo General Los participantes obtendr\u00e1n conocimientos en el uso de herramientas y metodolog\u00edas digitales para el dise\u00f1o y la fabricaci\u00f3n de productos. Esto incluye\u2026","rel":"","context":"Entrada similar","block_context":{"text":"Entrada similar","link":""},"img":{"alt_text":"","src":"https:\/\/i0.wp.com\/celaya.tecnm.mx\/administracion\/wp-content\/uploads\/2024\/11\/2-731x1024.png?resize=350%2C200&ssl=1","width":350,"height":200,"srcset":"https:\/\/i0.wp.com\/celaya.tecnm.mx\/administracion\/wp-content\/uploads\/2024\/11\/2-731x1024.png?resize=350%2C200&ssl=1 1x, https:\/\/i0.wp.com\/celaya.tecnm.mx\/administracion\/wp-content\/uploads\/2024\/11\/2-731x1024.png?resize=525%2C300&ssl=1 1.5x, https:\/\/i0.wp.com\/celaya.tecnm.mx\/administracion\/wp-content\/uploads\/2024\/11\/2-731x1024.png?resize=700%2C400&ssl=1 2x"},"classes":[]},{"id":3725,"url":"https:\/\/celaya.tecnm.mx\/administracion\/fablab\/","url_meta":{"origin":2323,"position":3},"title":"FabLab","author":"admin","date":"4 de diciembre de 2024","format":false,"excerpt":"\u00a0Fab Lab InnovaTec\u00a0 Creando musculo emprendedor Qu\u00e9 es una Fab Lab Un Fab Lab, abreviatura de \"Fabrication Laboratory\" (Laboratorio de Fabricaci\u00f3n), es un espacio dedicado a la fabricaci\u00f3n digital donde se\u00a0 fomenta la creatividad, el aprendizaje y la innovaci\u00f3n. Estos laboratorios ofrecen acceso a herramientas y tecnolog\u00edas avanzadas de dise\u00f1o\u2026","rel":"","context":"Entrada similar","block_context":{"text":"Entrada similar","link":""},"img":{"alt_text":"","src":"https:\/\/i0.wp.com\/celaya.tecnm.mx\/administracion\/wp-content\/uploads\/2024\/12\/julianferrer_fotografia_hiperreal_de_estudiantes_trabajando_en__24d56e4c-16f7-4146-a36f-ab0142a5802ff.png?resize=350%2C200&ssl=1","width":350,"height":200,"srcset":"https:\/\/i0.wp.com\/celaya.tecnm.mx\/administracion\/wp-content\/uploads\/2024\/12\/julianferrer_fotografia_hiperreal_de_estudiantes_trabajando_en__24d56e4c-16f7-4146-a36f-ab0142a5802ff.png?resize=350%2C200&ssl=1 1x, https:\/\/i0.wp.com\/celaya.tecnm.mx\/administracion\/wp-content\/uploads\/2024\/12\/julianferrer_fotografia_hiperreal_de_estudiantes_trabajando_en__24d56e4c-16f7-4146-a36f-ab0142a5802ff.png?resize=525%2C300&ssl=1 1.5x, https:\/\/i0.wp.com\/celaya.tecnm.mx\/administracion\/wp-content\/uploads\/2024\/12\/julianferrer_fotografia_hiperreal_de_estudiantes_trabajando_en__24d56e4c-16f7-4146-a36f-ab0142a5802ff.png?resize=700%2C400&ssl=1 2x"},"classes":[]},{"id":3869,"url":"https:\/\/celaya.tecnm.mx\/administracion\/centros-2\/","url_meta":{"origin":2323,"position":4},"title":"Centros","author":"admin","date":"6 de diciembre de 2024","format":false,"excerpt":"Tendencias hoy Visita los centros y espacios que se localizan en el innovatec CIIE Gimnasio FabLab Internet de las Cosas Fabrica de Software Inteligencia Artificial MICROCREDENCIALES Materiales Avanzados Electromovilidad DSMA40 CIIF Capacitaci\u00f3n Ferroviaria Naturagri TNI LANBAMA","rel":"","context":"Entrada similar","block_context":{"text":"Entrada similar","link":""},"img":{"alt_text":"","src":"","width":0,"height":0},"classes":[]},{"id":4923,"url":"https:\/\/celaya.tecnm.mx\/administracion\/elementor-4923\/","url_meta":{"origin":2323,"position":5},"title":"CIIF","author":"admin","date":"8 de marzo de 2025","format":false,"excerpt":"\u00bfQui\u00e9nes somos? El CIIF est\u00e1 ubicado en el edificio de INNOVATEC en el Tecnol\u00f3gico Nacional de M\u00e9xico en Celaya. Somos un centro de innovaci\u00f3n dedicado a ofrecer capacitaci\u00f3n y servicios especializados en modelaci\u00f3n 3D, manufactura aditiva y escaneo 3D, con el firme prop\u00f3sito de impulsar el desarrollo tecnol\u00f3gico e industrial\u2026","rel":"","context":"Entrada similar","block_context":{"text":"Entrada similar","link":""},"img":{"alt_text":"","src":"https:\/\/i0.wp.com\/celaya.tecnm.mx\/administracion\/wp-content\/uploads\/2025\/03\/image-removebg-preview-1-300x300.jpg?resize=350%2C200&ssl=1","width":350,"height":200},"classes":[]}],"jetpack_sharing_enabled":true,"_links":{"self":[{"href":"https:\/\/celaya.tecnm.mx\/administracion\/wp-json\/wp\/v2\/pages\/2323","targetHints":{"allow":["GET"]}}],"collection":[{"href":"https:\/\/celaya.tecnm.mx\/administracion\/wp-json\/wp\/v2\/pages"}],"about":[{"href":"https:\/\/celaya.tecnm.mx\/administracion\/wp-json\/wp\/v2\/types\/page"}],"author":[{"embeddable":true,"href":"https:\/\/celaya.tecnm.mx\/administracion\/wp-json\/wp\/v2\/users\/1"}],"replies":[{"embeddable":true,"href":"https:\/\/celaya.tecnm.mx\/administracion\/wp-json\/wp\/v2\/comments?post=2323"}],"version-history":[{"count":1,"href":"https:\/\/celaya.tecnm.mx\/administracion\/wp-json\/wp\/v2\/pages\/2323\/revisions"}],"predecessor-version":[{"id":2332,"href":"https:\/\/celaya.tecnm.mx\/administracion\/wp-json\/wp\/v2\/pages\/2323\/revisions\/2332"}],"wp:attachment":[{"href":"https:\/\/celaya.tecnm.mx\/administracion\/wp-json\/wp\/v2\/media?parent=2323"}],"curies":[{"name":"wp","href":"https:\/\/api.w.org\/{rel}","templated":true}]}}